{"id":1579,"date":"2020-01-09T04:10:53","date_gmt":"2020-01-09T04:10:53","guid":{"rendered":"http:\/\/wpdemo.archiwp.com\/engitech\/?page_id=1579"},"modified":"2023-03-02T16:36:20","modified_gmt":"2023-03-02T16:36:20","slug":"quem-somos","status":"publish","type":"page","link":"https:\/\/sites.angolasites.com\/biz\/quem-somos\/","title":{"rendered":"Quem somos"},"content":{"rendered":"\t\t<div data-elementor-type=\"wp-page\" data-elementor-id=\"1579\" class=\"elementor elementor-1579\">\n\t\t\t\t\t\t\t\t\t<section class=\"elementor-section elementor-top-section elementor-element elementor-element-7f3cbd8 elementor-section-content-middle ot-traditional elementor-section-boxed elementor-section-height-default elementor-section-height-default\" data-id=\"7f3cbd8\" data-element_type=\"section\" data-settings=\"{&quot;background_background&quot;:&quot;classic&quot;}\">\n\t\t\t\t\t\t<div class=\"elementor-container elementor-column-gap-extended\">\n\t\t\t\t\t<div class=\"elementor-column elementor-col-50 elementor-top-column elementor-element elementor-element-9fc2569\" data-id=\"9fc2569\" data-element_type=\"column\">\n\t\t\t<div class=\"elementor-widget-wrap elementor-element-populated\">\n\t\t\t\t\t\t\t\t<div class=\"elementor-element elementor-element-db2c048 elementor-widget elementor-widget-iheading\" data-id=\"db2c048\" data-element_type=\"widget\" data-widget_type=\"iheading.default\">\n\t\t\t\t<div class=\"elementor-widget-container\">\n\t\t\t\t\t<div class=\"ot-heading\">\r\n\t        \t            <span>\/\/ quem somos<\/span>\r\n\t        <h2 class=\"main-heading\">CONHE\u00c7A MAIS SOBRE A BIZ<\/h2>\t    <\/div>\r\n\t    \t\t<\/div>\n\t\t\t\t<\/div>\n\t\t\t\t<div class=\"elementor-element elementor-element-5f326aa elementor-widget elementor-widget-text-editor\" data-id=\"5f326aa\" data-element_type=\"widget\" data-widget_type=\"text-editor.default\">\n\t\t\t\t<div class=\"elementor-widget-container\">\n\t\t\t\t\t\t\t<p style=\"text-align: justify;\">&#8220;Presente em Angola desde 2011, a BFFM- Comercio geral, Lda tem acompanhado o ritmo de desenvolvimento do mercado angolano, procurando dar respostas \u00e0s necessidades cada vez mais exigentes dos seus clientes, fornecendo solu\u00e7\u00f5es integradas e tecnologias de ultima gera\u00e7\u00e3o.<\/p><p style=\"text-align: justify;\">Se por um lado, este desenvolvimento \u00e9 poss\u00edvel atrav\u00e9s da diversifica\u00e7\u00e3o do portf\u00f3lio de produtos, por outro, a BFFM ANGOLA tem apostado num plano de reestrutura\u00e7\u00e3o e expans\u00e3o com o objetivo de melhorar a forma como chega ao seu cliente.<\/p><p style=\"text-align: justify;\">O crescimento constante ao longo destes anos evoluiu para o objetivo de exist\u00eancia de: Gerar valor e superar as necessidades e expectativas dos clientes, em equil\u00edbrio com as restantes partes interessadas.<\/p>\t\t\t\t\t\t<\/div>\n\t\t\t\t<\/div>\n\t\t\t\t\t<\/div>\n\t\t<\/div>\n\t\t\t\t<div class=\"elementor-column elementor-col-50 elementor-top-column elementor-element elementor-element-7564da8\" data-id=\"7564da8\" data-element_type=\"column\" data-settings=\"{&quot;background_background&quot;:&quot;slideshow&quot;,&quot;background_slideshow_gallery&quot;:[{&quot;id&quot;:3945,&quot;url&quot;:&quot;https:\\\/\\\/sites.angolasites.com\\\/biz\\\/wp-content\\\/uploads\\\/2023\\\/02\\\/impressora2.png&quot;}],&quot;background_slideshow_loop&quot;:&quot;yes&quot;,&quot;background_slideshow_slide_duration&quot;:5000,&quot;background_slideshow_slide_transition&quot;:&quot;fade&quot;,&quot;background_slideshow_transition_duration&quot;:500}\">\n\t\t\t<div class=\"elementor-widget-wrap\">\n\t\t\t\t\t\t\t\t\t<\/div>\n\t\t<\/div>\n\t\t\t\t\t\t\t<\/div>\n\t\t<\/section>\n\t\t\t\t<section class=\"elementor-section elementor-top-section elementor-element elementor-element-170a49a ot-traditional elementor-section-boxed elementor-section-height-default elementor-section-height-default\" data-id=\"170a49a\" data-element_type=\"section\" data-settings=\"{&quot;background_background&quot;:&quot;classic&quot;}\">\n\t\t\t\t\t\t\t<div class=\"elementor-background-overlay\"><\/div>\n\t\t\t\t\t\t\t<div class=\"elementor-container elementor-column-gap-extended\">\n\t\t\t\t\t<div class=\"elementor-column elementor-col-100 elementor-top-column elementor-element elementor-element-6a613e7\" data-id=\"6a613e7\" data-element_type=\"column\">\n\t\t\t<div class=\"elementor-widget-wrap elementor-element-populated\">\n\t\t\t\t\t\t\t\t<div class=\"elementor-element elementor-element-0392307 elementor-widget elementor-widget-text-editor\" data-id=\"0392307\" data-element_type=\"widget\" data-widget_type=\"text-editor.default\">\n\t\t\t\t<div class=\"elementor-widget-container\">\n\t\t\t\t\t\t\t<p class=\"Default\" style=\"margin-bottom: .85pt; text-align: justify;\"><span style=\"font-size: 11.0pt;\">\u2022 Neste contexto hist\u00f3rico, somos parceiros MPS Premier Partner da HP para printing em Angola e Somos igualmente distribuidores autorizados de certificados da DIGICERT e da ADOBE a n\u00edvel nacional para toda tecnologia HP. <\/span><\/p><p class=\"Default\" style=\"margin-bottom: .85pt; text-align: justify;\"><span style=\"font-size: 11.0pt;\">\u00a0<\/span><\/p><p class=\"Default\" style=\"margin-bottom: .85pt; text-align: justify;\"><span style=\"font-size: 11.0pt;\">\u2022 Possu\u00edmos igualmente a Certifica\u00e7\u00e3o Gold com a Veritas e com a Symantec, cada um deles l\u00edder incontest\u00e1vel na sua \u00e1rea especifica de neg\u00f3cio, possu\u00edmos parcerias Internacionais, nomeadamente na \u00e1rea de telefonia IP e de telefonia M\u00f3vel bem como em Port\u00e1teis e Computadores de mesa, e seus respetivos perif\u00e9ricos. Tanto em DELL, HP, Apple e com a Huawei, entre outros fabricantes de renome Internacional. <\/span><\/p><p class=\"Default\" style=\"margin-bottom: .85pt; text-align: justify;\"><span style=\"font-size: 11.0pt;\">\u00a0<\/span><\/p><p class=\"Default\" style=\"margin-bottom: .85pt; text-align: justify;\"><span style=\"font-size: 11.0pt;\">\u2022 Atendemos toda a demanda de clientes em especial a banca, Petrol\u00edferas, Telecomunica\u00e7\u00f5es e Estado, s\u00e3o os principais sectores com clientes no segmento das grandes empresas. <\/span><\/p><p class=\"Default\" style=\"margin-bottom: .85pt; text-align: justify;\"><span style=\"font-size: 11.0pt;\">\u00a0<\/span><\/p><p class=\"Default\" style=\"margin-bottom: .85pt; text-align: justify;\"><span style=\"font-size: 11.0pt;\">\u2022 O compromisso da \u00e1rea corporativa da BIZ ANGOLA assenta em tr\u00eas vectores: <\/span><\/p><p class=\"Default\" style=\"margin-bottom: .85pt; text-align: justify;\"><span style=\"font-size: 11.0pt;\">\u2022 Solu\u00e7\u00f5es \u00e0 medida \u2013 Solu\u00e7\u00f5es desenhadas e implementadas em fun\u00e7\u00e3o das necessidades reais dos clientes, num processo que tem in\u00edcio com a ausculta\u00e7\u00e3o do cliente, seguido da selec\u00e7\u00e3o da tecnologia e completado pelo desenho dos servi\u00e7os, para a solu\u00e7\u00e3o global. <\/span><\/p><p class=\"Default\" style=\"margin-bottom: .85pt; text-align: justify;\"><span style=\"font-size: 11.0pt;\">\u00a0<\/span><\/p><p class=\"Default\" style=\"margin-bottom: .85pt; text-align: justify;\"><span style=\"font-size: 11.0pt;\">\u2022 Consultoria e aconselhamento &#8211; Toda a experi\u00eancia da nossa equipa \u00e9 recolhida em cada projecto e oferecida como um valor acrescentado a cada cliente, para que este possa compreender por completo as limita\u00e7\u00f5es e vantagens de cada solu\u00e7\u00e3o poss\u00edvel. <\/span><\/p><p class=\"Default\" style=\"margin-bottom: .85pt; text-align: justify;\"><span style=\"font-size: 11.0pt;\">\u00a0<\/span><\/p><p class=\"Default\" style=\"text-align: justify;\"><span style=\"font-size: 11.0pt;\">\u2022 Parcerias tecnol\u00f3gicas &#8211; estabelecem rela\u00e7\u00f5es de estreita confian\u00e7a com os nossos clientes, resultando em parcerias de longa dura\u00e7\u00e3o, o que nos permite apoiar a cria\u00e7\u00e3o de uma infraestrutura que cresce com o neg\u00f3cio do cliente, de acordo com uma estrat\u00e9gia consistente.&#8221; <\/span><\/p>\t\t\t\t\t\t<\/div>\n\t\t\t\t<\/div>\n\t\t\t\t\t<\/div>\n\t\t<\/div>\n\t\t\t\t\t\t\t<\/div>\n\t\t<\/section>\n\t\t\t\t<section class=\"elementor-section elementor-top-section elementor-element elementor-element-de64a6f ot-traditional elementor-section-boxed elementor-section-height-default elementor-section-height-default\" data-id=\"de64a6f\" data-element_type=\"section\" data-settings=\"{&quot;background_background&quot;:&quot;classic&quot;}\">\n\t\t\t\t\t\t\t<div class=\"elementor-background-overlay\"><\/div>\n\t\t\t\t\t\t\t<div class=\"elementor-container elementor-column-gap-extended\">\n\t\t\t\t\t<div class=\"elementor-column elementor-col-100 elementor-top-column elementor-element elementor-element-14c28fa\" data-id=\"14c28fa\" data-element_type=\"column\">\n\t\t\t<div class=\"elementor-widget-wrap elementor-element-populated\">\n\t\t\t\t\t\t\t\t<div class=\"elementor-element elementor-element-b327be0 elementor-widget elementor-widget-itabs\" data-id=\"b327be0\" data-element_type=\"widget\" data-widget_type=\"itabs.default\">\n\t\t\t\t<div class=\"elementor-widget-container\">\n\t\t\t\r\n\t\t<div class=\"ot-tabs\">\r\n\t\t\t\t\t\t<ul class=\"tabs-heading unstyle\">\r\n\t\t\t\t\t\t\t\t<li class=\"tab-link octf-btn\" data-tab=\"tab-1120\">MISS\u00c3O<\/li>\r\n\t\t\t\t\t\t\t\t<li class=\"tab-link octf-btn\" data-tab=\"tab-2120\">Vis\u00e3o<\/li>\r\n\t\t\t\t\t\t\t\t<li class=\"tab-link octf-btn\" data-tab=\"tab-3120\">Valores<\/li>\r\n\t\t\t\t\t\t\t<\/ul>\r\n\t\t\t\t\t\t<div id=\"tab-1120\" class=\"tab-content\">\r\n\t\t\t\t<p style=\"text-align: left;\"><strong><span style=\"font-size: 14pt;\">A raz\u00e3o de ser da empresa. Por que existemos?<\/span><\/strong><\/p>\n<p style=\"text-align: left;\">Adapta\u00e7\u00e3o permanente face \u00e1 constante evolu\u00e7\u00e3o das ferramentas tecnologicas, priorizando sempre a seguran\u00e7a e a qualidade plena do atendimento ao cliente. Fornecendo material tecnol\u00f3gico que favore\u00e7a o seu desenvolvimento dos nossos clientes,\ncom constante compromisso de satisfazer as suas necessidades e espect\u00e1tivas.<\/p>\t\t\t<\/div>\r\n\t\t\t\t\t\t<div id=\"tab-2120\" class=\"tab-content\">\r\n\t\t\t\t<p><strong><span style=\"font-size: 14pt;\">\"onde queremos chegar?\"<\/span><\/strong><\/p><p>Ser um parceiro de refer\u00eancia na descoberta de novos caminhos de neg\u00f3cio para os nossos clientes, assente na melhoria cont\u00ednua em todas as facetas do nosso desempenho empresarial, oferecendo uma Solu\u00e7\u00e3o Global, apoiada nos nossos profissionais e na qualidade dos equipamentos e do servi\u00e7o p\u00f3s-venda. Procurando sempre os standers de ind\u00fastria mais actualizados.<\/p>\t\t\t<\/div>\r\n\t\t\t\t\t\t<div id=\"tab-3120\" class=\"tab-content\">\r\n\t\t\t\t<p><span style=\"font-size: 14pt;\"><strong>O que nos identifica? O que \u00e9 inegoci\u00e1vel para a empresa?<\/strong><\/span><\/p><p class=\"Default\" style=\"text-align: justify;\"><span style=\"font-size: 11.0pt;\">1 <b>Inova\u00e7\u00e3o<\/b>: Procuramos insistentemente o desenvolvimento de solu\u00e7\u00f5es que conduzam \u00e0 inova\u00e7\u00e3o, e que suportem melhorias que acrescentem valor aos nossos CLIENTES. <\/span><\/p><p class=\"Default\" style=\"text-align: justify;\"><span style=\"font-size: 11.0pt;\">\u00a0<\/span><span style=\"font-size: 11.0pt;\">2 <b>Excelencia<\/b>: Procuramos a Excel\u00eancia em tudo o que fazemos, assumimos o compromisso de fornecer produtos e servi\u00e7os da mais alta qualidade, procurando ir de encontro, ou mesmo excedendo, as expectativas dos nossos clientes e outras partes interessadas. <\/span><\/p><p class=\"Default\" style=\"text-align: justify;\"><span style=\"font-size: 11.0pt;\">\u00a0<\/span><span style=\"font-size: 11.0pt;\">3 <b>Parceria<\/b>: Promovemos a lealdade e o respeito m\u00fatuo nas parcerias que estabelecemos com os nossos colaboradores, clientes, parceiros e fornecedores, e trabalhamos no dia-a-dia, para honrarmos os compromissos que temos para com eles <\/span><\/p><p>\u00c2mbito do Sistema de Gest\u00e3o | Quais s\u00e3o os limites do sistema de gest\u00e3o?<\/p><p>\u2022 Parceiros MPS Premier Partner da HP para printing em Angola e Somos igualmente distribuidores autorizados de certificados da DIGICERT e da ADOBE a n\u00edvel nacional para toda tecnologia HP.<\/p>\t\t\t<\/div>\r\n\t\t\t\t    <\/div>\r\n\r\n\t    \t\t<\/div>\n\t\t\t\t<\/div>\n\t\t\t\t\t<\/div>\n\t\t<\/div>\n\t\t\t\t\t\t\t<\/div>\n\t\t<\/section>\n\t\t\t\t\t\t\t<\/div>\n\t\t","protected":false},"excerpt":{"rendered":"<p>\/\/ quem somos CONHE\u00c7A MAIS SOBRE A BIZ &#8220;Presente em Angola desde 2011, a BFFM- Comercio geral, Lda tem acompanhado o ritmo de desenvolvimento do mercado angolano, procurando dar respostas \u00e0s necessidades cada vez mais exigentes dos seus clientes, fornecendo solu\u00e7\u00f5es integradas e tecnologias de ultima gera\u00e7\u00e3o. Se por um lado, este desenvolvimento \u00e9 poss\u00edvel [&hellip;]<\/p>\n","protected":false},"author":1,"featured_media":0,"parent":0,"menu_order":0,"comment_status":"closed","ping_status":"closed","template":"","meta":{"footnotes":""},"class_list":["post-1579","page","type-page","status-publish","hentry"],"_links":{"self":[{"href":"https:\/\/sites.angolasites.com\/biz\/wp-json\/wp\/v2\/pages\/1579","targetHints":{"allow":["GET"]}}],"collection":[{"href":"https:\/\/sites.angolasites.com\/biz\/wp-json\/wp\/v2\/pages"}],"about":[{"href":"https:\/\/sites.angolasites.com\/biz\/wp-json\/wp\/v2\/types\/page"}],"author":[{"embeddable":true,"href":"https:\/\/sites.angolasites.com\/biz\/wp-json\/wp\/v2\/users\/1"}],"replies":[{"embeddable":true,"href":"https:\/\/sites.angolasites.com\/biz\/wp-json\/wp\/v2\/comments?post=1579"}],"version-history":[{"count":232,"href":"https:\/\/sites.angolasites.com\/biz\/wp-json\/wp\/v2\/pages\/1579\/revisions"}],"predecessor-version":[{"id":4114,"href":"https:\/\/sites.angolasites.com\/biz\/wp-json\/wp\/v2\/pages\/1579\/revisions\/4114"}],"wp:attachment":[{"href":"https:\/\/sites.angolasites.com\/biz\/wp-json\/wp\/v2\/media?parent=1579"}],"curies":[{"name":"wp","href":"https:\/\/api.w.org\/{rel}","templated":true}]}}