{"id":1914,"date":"2020-02-05T09:05:36","date_gmt":"2020-02-05T09:05:36","guid":{"rendered":"http:\/\/wpdemo.archiwp.com\/engitech\/?page_id=1914"},"modified":"2023-03-20T16:02:27","modified_gmt":"2023-03-20T16:02:27","slug":"responsabilidade-social","status":"publish","type":"page","link":"https:\/\/sites.angolasites.com\/biz\/responsabilidade-social\/","title":{"rendered":"Responsabilidade social"},"content":{"rendered":"\t\t<div data-elementor-type=\"wp-page\" data-elementor-id=\"1914\" class=\"elementor elementor-1914\">\n\t\t\t\t\t\t\t\t\t<section class=\"elementor-section elementor-top-section elementor-element elementor-element-d7ad6db ot-traditional elementor-section-boxed elementor-section-height-default elementor-section-height-default\" data-id=\"d7ad6db\" data-element_type=\"section\">\n\t\t\t\t\t\t<div class=\"elementor-container elementor-column-gap-default\">\n\t\t\t\t\t<div class=\"elementor-column elementor-col-100 elementor-top-column elementor-element elementor-element-b46e7a4\" data-id=\"b46e7a4\" data-element_type=\"column\">\n\t\t\t<div class=\"elementor-widget-wrap elementor-element-populated\">\n\t\t\t\t\t\t\t\t<div class=\"elementor-element elementor-element-2c0a0a9 elementor-widget elementor-widget-iheading\" data-id=\"2c0a0a9\" data-element_type=\"widget\" data-widget_type=\"iheading.default\">\n\t\t\t\t<div class=\"elementor-widget-container\">\n\t\t\t\t\t<div class=\"ot-heading\">\r\n\t        <h2 class=\"main-heading\">\u00daLTIMAS ACTIVIDADES SOCIAIS<\/h2>\t    <\/div>\r\n\t    \t\t<\/div>\n\t\t\t\t<\/div>\n\t\t\t\t\t<\/div>\n\t\t<\/div>\n\t\t\t\t\t\t\t<\/div>\n\t\t<\/section>\n\t\t\t\t<section class=\"elementor-section elementor-top-section elementor-element elementor-element-bf7cf13 ot-traditional elementor-section-boxed elementor-section-height-default elementor-section-height-default\" data-id=\"bf7cf13\" data-element_type=\"section\">\n\t\t\t\t\t\t<div class=\"elementor-container elementor-column-gap-default\">\n\t\t\t\t\t<div class=\"elementor-column elementor-col-100 elementor-top-column elementor-element elementor-element-a5b787d\" data-id=\"a5b787d\" data-element_type=\"column\">\n\t\t\t<div class=\"elementor-widget-wrap elementor-element-populated\">\n\t\t\t\t\t\t\t\t<div class=\"elementor-element elementor-element-061ccf0 elementor-widget elementor-widget-ipost_grid\" data-id=\"061ccf0\" data-element_type=\"widget\" data-widget_type=\"ipost_grid.default\">\n\t\t\t\t<div class=\"elementor-widget-container\">\n\t\t\t\r\n\t\t<div class=\"post-grid pgrid\">\r\n\t\t\t<div class=\"row\">\r\n\t\t\t\t \r\n\t\t\t\t\t<div class=\"col-md-6 col-sm-6\">\r\n\t\t\t\t\t<article class=\"post-box blog-item\">\r\n\t\t\t\t\t\t<div class=\"post-inner\">\r\n\t\t\t\t\t\t\t\t\t\t\t\t\t\t\t<div class=\"entry-media\">\r\n\t\t\t\t\t\t\t\t\t<div class=\"post-cat\"><span class=\"posted-in\"><a href=\"https:\/\/sites.angolasites.com\/biz\/category\/noticias\/\" rel=\"category tag\">Not\u00edcias<\/a> <a href=\"https:\/\/sites.angolasites.com\/biz\/category\/resp-social\/\" rel=\"category tag\">Resp-social<\/a><\/span><\/div>\t\t\t\t\t\t\t\t\t<a href=\"https:\/\/sites.angolasites.com\/biz\/a-geracao-z-nao-sabe-configurar-uma-impressora-e-isso-e-um-problema\/\">\r\n\t\t\t\t\t\t\t\t\t\t<img loading=\"lazy\" decoding=\"async\" width=\"601\" height=\"520\" src=\"https:\/\/sites.angolasites.com\/biz\/wp-content\/uploads\/2021\/09\/slide-2-601x520.jpg\" class=\"attachment-engitech-slider-post-thumbnail size-engitech-slider-post-thumbnail wp-post-image\" alt=\"\" \/>\t\t\t\t\t\t\t\t\t<\/a>\r\n\t\t\t\t\t\t\t\t<\/div>\t\t\t\t\t       \r\n\t\t\t\t\t\t\t\t\t\t\t\t\t\t<div class=\"inner-post\">\r\n\t\t\t\t\t\t\t\t<div class=\"entry-header\">\r\n\r\n\t\t\t\t\t\t\t\t\t\t\t\t\t\t\t\t\t\t<div class=\"entry-meta\">\r\n\t\t\t\t\t\t\t\t\t\t<span class=\"posted-on\">_ <a href=\"https:\/\/sites.angolasites.com\/biz\/a-geracao-z-nao-sabe-configurar-uma-impressora-e-isso-e-um-problema\/\" rel=\"bookmark\"><time class=\"entry-date published\" datetime=\"2019-11-21T04:46:58+00:00\">21 de Novembro, 2019<\/time><\/a><\/span><span class=\"byline\">_ <a class=\"url fn n\" href=\"https:\/\/sites.angolasites.com\/biz\/author\/angolasites\/\">angolasites<\/a><\/span><span class=\"comment-num\">_ <a href=\"https:\/\/sites.angolasites.com\/biz\/a-geracao-z-nao-sabe-configurar-uma-impressora-e-isso-e-um-problema\/#comments\">3 Comments<\/a><\/span>\t\t\t\t\t\t\t\t\t<\/div><!-- .entry-meta -->\r\n\t\t\t\t\t\t\t\t\t\r\n\t\t\t\t\t\t\t\t\t<h3 class=\"entry-title\"><a href=\"https:\/\/sites.angolasites.com\/biz\/a-geracao-z-nao-sabe-configurar-uma-impressora-e-isso-e-um-problema\/\" rel=\"bookmark\">A \u2018Gera\u00e7\u00e3o Z\u2019 n\u00e3o sabe configurar uma impressora \u2013 e isso \u00e9 um problema<\/a><\/h3>\r\n\t\t\t\t\t\t\t\t<\/div><!-- .entry-header -->\r\n\t\t\t\t\t\t\t\t\r\n\t\t\t\t\t\t\t\t<div class=\"btn-readmore\">\r\n\t\t\t\t\t\t\t\t\t\t\t\t\t\t\t\t\t<\/div>\r\n\t\t\t\t\t\t\t<\/div>\r\n\t\t\t\t\t\t<\/div>\r\n\t\t\t\t\t<\/article>\r\n\t\t\t\t\t<\/div>\r\n\r\n\t\t\t\t \r\n\t\t\t\t\t<div class=\"col-md-6 col-sm-6\">\r\n\t\t\t\t\t<article class=\"post-box blog-item\">\r\n\t\t\t\t\t\t<div class=\"post-inner\">\r\n\t\t\t\t\t\t\t\t\t\t\t\t\t\t\t<div class=\"entry-media\">\r\n\t\t\t\t\t\t\t\t\t<div class=\"post-cat\"><span class=\"posted-in\"><a href=\"https:\/\/sites.angolasites.com\/biz\/category\/noticias\/\" rel=\"category tag\">Not\u00edcias<\/a> <a href=\"https:\/\/sites.angolasites.com\/biz\/category\/resp-social\/\" rel=\"category tag\">Resp-social<\/a><\/span><\/div>\t\t\t\t\t\t\t\t\t<a href=\"https:\/\/sites.angolasites.com\/biz\/como-proteger-seus-dados-em-2023\/\">\r\n\t\t\t\t\t\t\t\t\t\t<img loading=\"lazy\" decoding=\"async\" width=\"601\" height=\"520\" src=\"https:\/\/sites.angolasites.com\/biz\/wp-content\/uploads\/2019\/11\/3074190-601x520.jpg\" class=\"attachment-engitech-slider-post-thumbnail size-engitech-slider-post-thumbnail wp-post-image\" alt=\"\" \/>\t\t\t\t\t\t\t\t\t<\/a>\r\n\t\t\t\t\t\t\t\t<\/div>\t\t\t\t\t       \r\n\t\t\t\t\t\t\t\t\t\t\t\t\t\t<div class=\"inner-post\">\r\n\t\t\t\t\t\t\t\t<div class=\"entry-header\">\r\n\r\n\t\t\t\t\t\t\t\t\t\t\t\t\t\t\t\t\t\t<div class=\"entry-meta\">\r\n\t\t\t\t\t\t\t\t\t\t<span class=\"posted-on\">_ <a href=\"https:\/\/sites.angolasites.com\/biz\/como-proteger-seus-dados-em-2023\/\" rel=\"bookmark\"><time class=\"entry-date published\" datetime=\"2019-11-21T04:46:03+00:00\">21 de Novembro, 2019<\/time><\/a><\/span><span class=\"byline\">_ <a class=\"url fn n\" href=\"https:\/\/sites.angolasites.com\/biz\/author\/angolasites\/\">angolasites<\/a><\/span><span class=\"comment-num\">_ <a href=\"https:\/\/sites.angolasites.com\/biz\/como-proteger-seus-dados-em-2023\/#respond\">0 Comments<\/a><\/span>\t\t\t\t\t\t\t\t\t<\/div><!-- .entry-meta -->\r\n\t\t\t\t\t\t\t\t\t\r\n\t\t\t\t\t\t\t\t\t<h3 class=\"entry-title\"><a href=\"https:\/\/sites.angolasites.com\/biz\/como-proteger-seus-dados-em-2023\/\" rel=\"bookmark\">Como proteger seus dados em 2023?<\/a><\/h3>\r\n\t\t\t\t\t\t\t\t<\/div><!-- .entry-header -->\r\n\t\t\t\t\t\t\t\t\r\n\t\t\t\t\t\t\t\t<div class=\"btn-readmore\">\r\n\t\t\t\t\t\t\t\t\t\t\t\t\t\t\t\t\t<\/div>\r\n\t\t\t\t\t\t\t<\/div>\r\n\t\t\t\t\t\t<\/div>\r\n\t\t\t\t\t<\/article>\r\n\t\t\t\t\t<\/div>\r\n\r\n\t\t\t\t \r\n\t\t\t\t\t<div class=\"col-md-6 col-sm-6\">\r\n\t\t\t\t\t<article class=\"post-box blog-item\">\r\n\t\t\t\t\t\t<div class=\"post-inner\">\r\n\t\t\t\t\t\t\t\t\t\t\t\t\t\t\t<div class=\"entry-media\">\r\n\t\t\t\t\t\t\t\t\t<div class=\"post-cat\"><span class=\"posted-in\"><a href=\"https:\/\/sites.angolasites.com\/biz\/category\/noticias\/\" rel=\"category tag\">Not\u00edcias<\/a> <a href=\"https:\/\/sites.angolasites.com\/biz\/category\/resp-social\/\" rel=\"category tag\">Resp-social<\/a><\/span><\/div>\t\t\t\t\t\t\t\t\t<a href=\"https:\/\/sites.angolasites.com\/biz\/windows-12-canal-canary-do-windows-insider-permitira-testar-o-sistema\/\">\r\n\t\t\t\t\t\t\t\t\t\t<img loading=\"lazy\" decoding=\"async\" width=\"601\" height=\"520\" src=\"https:\/\/sites.angolasites.com\/biz\/wp-content\/uploads\/2019\/09\/Windows-12-601x520.jpg\" class=\"attachment-engitech-slider-post-thumbnail size-engitech-slider-post-thumbnail wp-post-image\" alt=\"\" \/>\t\t\t\t\t\t\t\t\t<\/a>\r\n\t\t\t\t\t\t\t\t<\/div>\t\t\t\t\t       \r\n\t\t\t\t\t\t\t\t\t\t\t\t\t\t<div class=\"inner-post\">\r\n\t\t\t\t\t\t\t\t<div class=\"entry-header\">\r\n\r\n\t\t\t\t\t\t\t\t\t\t\t\t\t\t\t\t\t\t<div class=\"entry-meta\">\r\n\t\t\t\t\t\t\t\t\t\t<span class=\"posted-on\">_ <a href=\"https:\/\/sites.angolasites.com\/biz\/windows-12-canal-canary-do-windows-insider-permitira-testar-o-sistema\/\" rel=\"bookmark\"><time class=\"entry-date published\" datetime=\"2019-09-24T09:23:05+00:00\">24 de Setembro, 2019<\/time><\/a><\/span><span class=\"byline\">_ <a class=\"url fn n\" href=\"https:\/\/sites.angolasites.com\/biz\/author\/angolasites\/\">angolasites<\/a><\/span><span class=\"comment-num\">_ <a href=\"https:\/\/sites.angolasites.com\/biz\/windows-12-canal-canary-do-windows-insider-permitira-testar-o-sistema\/#comments\">3 Comments<\/a><\/span>\t\t\t\t\t\t\t\t\t<\/div><!-- .entry-meta -->\r\n\t\t\t\t\t\t\t\t\t\r\n\t\t\t\t\t\t\t\t\t<h3 class=\"entry-title\"><a href=\"https:\/\/sites.angolasites.com\/biz\/windows-12-canal-canary-do-windows-insider-permitira-testar-o-sistema\/\" rel=\"bookmark\">Windows 12: canal Canary do Windows Insider permitir\u00e1 testar o sistema<\/a><\/h3>\r\n\t\t\t\t\t\t\t\t<\/div><!-- .entry-header -->\r\n\t\t\t\t\t\t\t\t\r\n\t\t\t\t\t\t\t\t<div class=\"btn-readmore\">\r\n\t\t\t\t\t\t\t\t\t\t\t\t\t\t\t\t\t<\/div>\r\n\t\t\t\t\t\t\t<\/div>\r\n\t\t\t\t\t\t<\/div>\r\n\t\t\t\t\t<\/article>\r\n\t\t\t\t\t<\/div>\r\n\r\n\t\t\t\t\t\t\t<\/div>\r\n\t    <\/div>\r\n\t\t\t\t<\/div>\n\t\t\t\t<\/div>\n\t\t\t\t\t<\/div>\n\t\t<\/div>\n\t\t\t\t\t\t\t<\/div>\n\t\t<\/section>\n\t\t\t\t\t\t\t<\/div>\n\t\t","protected":false},"excerpt":{"rendered":"<p>\u00daLTIMAS ACTIVIDADES SOCIAIS Not\u00edcias Resp-social _ 21 de Novembro, 2019_ angolasites_ 3 Comments A \u2018Gera\u00e7\u00e3o Z\u2019 n\u00e3o sabe configurar uma impressora \u2013 e isso \u00e9 um problema Not\u00edcias Resp-social _ 21 de Novembro, 2019_ angolasites_ 0 Comments Como proteger seus dados em 2023? Not\u00edcias Resp-social _ 24 de Setembro, 2019_ angolasites_ 3 Comments Windows 12: [&hellip;]<\/p>\n","protected":false},"author":1,"featured_media":0,"parent":0,"menu_order":0,"comment_status":"closed","ping_status":"closed","template":"","meta":{"footnotes":""},"class_list":["post-1914","page","type-page","status-publish","hentry"],"_links":{"self":[{"href":"https:\/\/sites.angolasites.com\/biz\/wp-json\/wp\/v2\/pages\/1914","targetHints":{"allow":["GET"]}}],"collection":[{"href":"https:\/\/sites.angolasites.com\/biz\/wp-json\/wp\/v2\/pages"}],"about":[{"href":"https:\/\/sites.angolasites.com\/biz\/wp-json\/wp\/v2\/types\/page"}],"author":[{"embeddable":true,"href":"https:\/\/sites.angolasites.com\/biz\/wp-json\/wp\/v2\/users\/1"}],"replies":[{"embeddable":true,"href":"https:\/\/sites.angolasites.com\/biz\/wp-json\/wp\/v2\/comments?post=1914"}],"version-history":[{"count":23,"href":"https:\/\/sites.angolasites.com\/biz\/wp-json\/wp\/v2\/pages\/1914\/revisions"}],"predecessor-version":[{"id":4436,"href":"https:\/\/sites.angolasites.com\/biz\/wp-json\/wp\/v2\/pages\/1914\/revisions\/4436"}],"wp:attachment":[{"href":"https:\/\/sites.angolasites.com\/biz\/wp-json\/wp\/v2\/media?parent=1914"}],"curies":[{"name":"wp","href":"https:\/\/api.w.org\/{rel}","templated":true}]}}