{"id":2407,"date":"2020-03-06T07:58:00","date_gmt":"2020-03-06T07:58:00","guid":{"rendered":"http:\/\/wpdemo.archiwp.com\/engitech\/?page_id=2407"},"modified":"2023-03-06T14:36:08","modified_gmt":"2023-03-06T14:36:08","slug":"servicos","status":"publish","type":"page","link":"https:\/\/sites.angolasites.com\/biz\/servicos\/","title":{"rendered":"Servi\u00e7os"},"content":{"rendered":"\t\t<div data-elementor-type=\"wp-page\" data-elementor-id=\"2407\" class=\"elementor elementor-2407\">\n\t\t\t\t\t\t\t\t\t<section class=\"elementor-section elementor-top-section elementor-element elementor-element-ca00d56 ot-traditional elementor-section-boxed elementor-section-height-default elementor-section-height-default\" data-id=\"ca00d56\" data-element_type=\"section\" data-settings=\"{&quot;background_background&quot;:&quot;classic&quot;}\">\n\t\t\t\t\t\t<div class=\"elementor-container elementor-column-gap-default\">\n\t\t\t\t\t<div class=\"elementor-column elementor-col-100 elementor-top-column elementor-element elementor-element-ffdf0ac\" data-id=\"ffdf0ac\" data-element_type=\"column\">\n\t\t\t<div class=\"elementor-widget-wrap elementor-element-populated\">\n\t\t\t\t\t\t\t\t<section class=\"elementor-section elementor-inner-section elementor-element elementor-element-75221f9 elementor-section-full_width elementor-section-content-bottom ot-traditional elementor-section-height-default elementor-section-height-default\" data-id=\"75221f9\" data-element_type=\"section\">\n\t\t\t\t\t\t<div class=\"elementor-container elementor-column-gap-default\">\n\t\t\t\t\t<div class=\"elementor-column elementor-col-50 elementor-inner-column elementor-element elementor-element-c1b831a\" data-id=\"c1b831a\" data-element_type=\"column\" data-settings=\"{&quot;background_background&quot;:&quot;classic&quot;}\">\n\t\t\t<div class=\"elementor-widget-wrap elementor-element-populated\">\n\t\t\t\t\t\t\t\t<div class=\"elementor-element elementor-element-ffe1c98 elementor-widget elementor-widget-iheading\" data-id=\"ffe1c98\" data-element_type=\"widget\" data-widget_type=\"iheading.default\">\n\t\t\t\t<div class=\"elementor-widget-container\">\n\t\t\t\t\t<div class=\"ot-heading\">\r\n\t        \t            <span>\/\/ nossos servi\u00e7os<\/span>\r\n\t        <h2 class=\"main-heading\">CONHE\u00c7A OS NOSSOS SERVI\u00c7OS<\/h2>\t    <\/div>\r\n\t    \t\t<\/div>\n\t\t\t\t<\/div>\n\t\t\t\t\t<\/div>\n\t\t<\/div>\n\t\t\t\t<div class=\"elementor-column elementor-col-50 elementor-inner-column elementor-element elementor-element-615e33b\" data-id=\"615e33b\" data-element_type=\"column\">\n\t\t\t<div class=\"elementor-widget-wrap\">\n\t\t\t\t\t\t\t\t\t<\/div>\n\t\t<\/div>\n\t\t\t\t\t\t\t<\/div>\n\t\t<\/section>\n\t\t\t\t<section class=\"elementor-section elementor-inner-section elementor-element elementor-element-64da2ad elementor-section-full_width ot-traditional elementor-section-height-default elementor-section-height-default\" data-id=\"64da2ad\" data-element_type=\"section\" data-settings=\"{&quot;background_background&quot;:&quot;classic&quot;}\">\n\t\t\t\t\t\t<div class=\"elementor-container elementor-column-gap-extended\">\n\t\t\t\t\t<div class=\"elementor-column elementor-col-50 elementor-inner-column elementor-element elementor-element-73d21de\" data-id=\"73d21de\" data-element_type=\"column\">\n\t\t\t<div class=\"elementor-widget-wrap elementor-element-populated\">\n\t\t\t\t\t\t\t\t<div class=\"elementor-element elementor-element-2e0b847 elementor-widget elementor-widget-iiconbox2\" data-id=\"2e0b847\" data-element_type=\"widget\" data-widget_type=\"iiconbox2.default\">\n\t\t\t\t<div class=\"elementor-widget-container\">\n\t\t\t\t\t<div class=\"icon-box-s2 s1\">\r\n\t\t\t<div class=\"icon-main\">\r\n\t\t        \t\t\t    <img decoding=\"async\" src=\"https:\/\/sites.angolasites.com\/biz\/wp-content\/uploads\/2023\/03\/sobre-MPS_3-3_1.png\" alt=\"Servi\u00e7os\">\t\t        \t        <\/div>\r\n\t        <div class=\"content-box\">\r\n\t            <h5>Servi\u00e7os<\/h5>\r\n\t            <p>Confiar na BIZ\/HP como um consultor confi\u00e1vel para entregar servi\u00e7os que aumentam a efici\u00eancia operacional, diminuir custos e permitir que BMA se concentre em resultados de neg\u00f3cios. A BIZ\/HP fornece servi\u00e7os e consultoria especializada que BMA precisa para optimizar seu ambiente de impress\u00e3o, melhorar a seguran\u00e7a de impress\u00e3o, aumentar os neg\u00f3cios intelig\u00eancia e muito mais. <\/p>\r\n\t        <\/div>\r\n\t    <\/div>\r\n\t    \t\t<\/div>\n\t\t\t\t<\/div>\n\t\t\t\t<div class=\"elementor-element elementor-element-21df24f elementor-widget elementor-widget-iiconbox2\" data-id=\"21df24f\" data-element_type=\"widget\" data-widget_type=\"iiconbox2.default\">\n\t\t\t\t<div class=\"elementor-widget-container\">\n\t\t\t\t\t<div class=\"icon-box-s2 s1\">\r\n\t\t\t<div class=\"icon-main\">\r\n\t\t        \t\t\t    <img decoding=\"async\" src=\"https:\/\/sites.angolasites.com\/biz\/wp-content\/uploads\/2023\/03\/sobre-MPS_3-3_2.png\" alt=\"Software\">\t\t        \t        <\/div>\r\n\t        <div class=\"content-box\">\r\n\t            <h5>Software<\/h5>\r\n\t            <p>Ajuda a alcan\u00e7ar maior sucesso com um conjunto completo de solu\u00e7\u00f5es de software para gest\u00e3o, seguran\u00e7a, mobilidade e fluxo de trabalho\u2014da HP e nossa solu\u00e7\u00e3o parceiros - dando-lhe a ind\u00fastria melhores capacidades. <\/p>\r\n\t        <\/div>\r\n\t    <\/div>\r\n\t    \t\t<\/div>\n\t\t\t\t<\/div>\n\t\t\t\t<div class=\"elementor-element elementor-element-9d53df1 elementor-widget elementor-widget-iiconbox2\" data-id=\"9d53df1\" data-element_type=\"widget\" data-widget_type=\"iiconbox2.default\">\n\t\t\t\t<div class=\"elementor-widget-container\">\n\t\t\t\t\t<div class=\"icon-box-s2 s1\">\r\n\t\t\t<div class=\"icon-main\">\r\n\t\t        \t\t\t    <img decoding=\"async\" src=\"https:\/\/sites.angolasites.com\/biz\/wp-content\/uploads\/2023\/03\/sobre-MPS_3-3_3.png\" alt=\"Hardware\">\t\t        \t        <\/div>\r\n\t        <div class=\"content-box\">\r\n\t            <h5>Hardware<\/h5>\r\n\t            <p>Seleccione em nosso amplo portf\u00f3lio de A3\/A4 dispositivos gerenciados.<\/p>\r\n\t        <\/div>\r\n\t    <\/div>\r\n\t    \t\t<\/div>\n\t\t\t\t<\/div>\n\t\t\t\t<div class=\"elementor-element elementor-element-3dcb287 elementor-widget elementor-widget-iiconbox2\" data-id=\"3dcb287\" data-element_type=\"widget\" data-widget_type=\"iiconbox2.default\">\n\t\t\t\t<div class=\"elementor-widget-container\">\n\t\t\t\t\t<div class=\"icon-box-s2 s1\">\r\n\t\t\t<div class=\"icon-main\">\r\n\t\t        \t\t\t    <img decoding=\"async\" src=\"https:\/\/sites.angolasites.com\/biz\/wp-content\/uploads\/2023\/03\/sobre-MPS_3-3_4.png\" alt=\"Consum\u00edveis\">\t\t        \t        <\/div>\r\n\t        <div class=\"content-box\">\r\n\t            <h5>Consum\u00edveis<\/h5>\r\n\t            <p>Conte com o HP MPS para entregar originais confi\u00e1veis Suprimentos HP no prazo \u2014 mantendo os usu\u00e1rios actualizados e funcionando com sa\u00edda de qualidade. As vantagem das op\u00e7\u00f5es flex\u00edveis de facturamento da HP para obter os termos de neg\u00f3cios que funcionam para voc\u00ea. <\/p>\r\n\t        <\/div>\r\n\t    <\/div>\r\n\t    \t\t<\/div>\n\t\t\t\t<\/div>\n\t\t\t\t\t<\/div>\n\t\t<\/div>\n\t\t\t\t<div class=\"elementor-column elementor-col-50 elementor-inner-column elementor-element elementor-element-58b6f2a\" data-id=\"58b6f2a\" data-element_type=\"column\" data-settings=\"{&quot;background_background&quot;:&quot;classic&quot;}\">\n\t\t\t<div class=\"elementor-widget-wrap\">\n\t\t\t\t\t\t\t\t\t<\/div>\n\t\t<\/div>\n\t\t\t\t\t\t\t<\/div>\n\t\t<\/section>\n\t\t\t\t\t<\/div>\n\t\t<\/div>\n\t\t\t\t\t\t\t<\/div>\n\t\t<\/section>\n\t\t\t\t<section class=\"elementor-section elementor-top-section elementor-element elementor-element-73be24f ot-traditional elementor-section-boxed elementor-section-height-default elementor-section-height-default\" data-id=\"73be24f\" data-element_type=\"section\" data-settings=\"{&quot;background_background&quot;:&quot;classic&quot;}\">\n\t\t\t\t\t\t<div class=\"elementor-container elementor-column-gap-default\">\n\t\t\t\t\t<div class=\"elementor-column elementor-col-100 elementor-top-column elementor-element elementor-element-127b13e\" data-id=\"127b13e\" data-element_type=\"column\">\n\t\t\t<div class=\"elementor-widget-wrap elementor-element-populated\">\n\t\t\t\t\t\t\t\t<div class=\"elementor-element elementor-element-b7fa5ef elementor-widget elementor-widget-image\" data-id=\"b7fa5ef\" data-element_type=\"widget\" data-widget_type=\"image.default\">\n\t\t\t\t<div class=\"elementor-widget-container\">\n\t\t\t\t\t\t\t\t\t\t\t\t\t\t\t<img loading=\"lazy\" decoding=\"async\" width=\"4000\" height=\"2250\" src=\"https:\/\/sites.angolasites.com\/biz\/wp-content\/uploads\/2023\/03\/sobre-MPS_3-4_o.png\" class=\"attachment-full size-full wp-image-4154\" alt=\"\" srcset=\"https:\/\/sites.angolasites.com\/biz\/wp-content\/uploads\/2023\/03\/sobre-MPS_3-4_o.png 4000w, https:\/\/sites.angolasites.com\/biz\/wp-content\/uploads\/2023\/03\/sobre-MPS_3-4_o-600x338.png 600w, https:\/\/sites.angolasites.com\/biz\/wp-content\/uploads\/2023\/03\/sobre-MPS_3-4_o-300x169.png 300w, https:\/\/sites.angolasites.com\/biz\/wp-content\/uploads\/2023\/03\/sobre-MPS_3-4_o-1024x576.png 1024w, https:\/\/sites.angolasites.com\/biz\/wp-content\/uploads\/2023\/03\/sobre-MPS_3-4_o-768x432.png 768w, https:\/\/sites.angolasites.com\/biz\/wp-content\/uploads\/2023\/03\/sobre-MPS_3-4_o-1536x864.png 1536w, https:\/\/sites.angolasites.com\/biz\/wp-content\/uploads\/2023\/03\/sobre-MPS_3-4_o-2048x1152.png 2048w, https:\/\/sites.angolasites.com\/biz\/wp-content\/uploads\/2023\/03\/sobre-MPS_3-4_o-720x405.png 720w\" sizes=\"auto, (max-width: 4000px) 100vw, 4000px\" \/>\t\t\t\t\t\t\t\t\t\t\t\t\t\t\t<\/div>\n\t\t\t\t<\/div>\n\t\t\t\t\t<\/div>\n\t\t<\/div>\n\t\t\t\t\t\t\t<\/div>\n\t\t<\/section>\n\t\t\t\t<section class=\"elementor-section elementor-top-section elementor-element elementor-element-b2b2ac8 ot-traditional elementor-section-boxed elementor-section-height-default elementor-section-height-default\" data-id=\"b2b2ac8\" data-element_type=\"section\" data-settings=\"{&quot;background_background&quot;:&quot;classic&quot;}\">\n\t\t\t\t\t\t<div class=\"elementor-container elementor-column-gap-default\">\n\t\t\t\t\t<div class=\"elementor-column elementor-col-100 elementor-top-column elementor-element elementor-element-0f90498\" data-id=\"0f90498\" data-element_type=\"column\">\n\t\t\t<div class=\"elementor-widget-wrap elementor-element-populated\">\n\t\t\t\t\t\t\t\t<div class=\"elementor-element elementor-element-1a3bf0e elementor-widget elementor-widget-image\" data-id=\"1a3bf0e\" data-element_type=\"widget\" data-widget_type=\"image.default\">\n\t\t\t\t<div class=\"elementor-widget-container\">\n\t\t\t\t\t\t\t\t\t\t\t\t\t\t\t<img loading=\"lazy\" decoding=\"async\" width=\"4000\" height=\"2250\" src=\"https:\/\/sites.angolasites.com\/biz\/wp-content\/uploads\/2023\/03\/sobre-MPS_3-5PO.png\" class=\"attachment-full size-full wp-image-4173\" alt=\"\" srcset=\"https:\/\/sites.angolasites.com\/biz\/wp-content\/uploads\/2023\/03\/sobre-MPS_3-5PO.png 4000w, https:\/\/sites.angolasites.com\/biz\/wp-content\/uploads\/2023\/03\/sobre-MPS_3-5PO-600x338.png 600w, https:\/\/sites.angolasites.com\/biz\/wp-content\/uploads\/2023\/03\/sobre-MPS_3-5PO-300x169.png 300w, https:\/\/sites.angolasites.com\/biz\/wp-content\/uploads\/2023\/03\/sobre-MPS_3-5PO-1024x576.png 1024w, https:\/\/sites.angolasites.com\/biz\/wp-content\/uploads\/2023\/03\/sobre-MPS_3-5PO-768x432.png 768w, https:\/\/sites.angolasites.com\/biz\/wp-content\/uploads\/2023\/03\/sobre-MPS_3-5PO-1536x864.png 1536w, https:\/\/sites.angolasites.com\/biz\/wp-content\/uploads\/2023\/03\/sobre-MPS_3-5PO-2048x1152.png 2048w, https:\/\/sites.angolasites.com\/biz\/wp-content\/uploads\/2023\/03\/sobre-MPS_3-5PO-720x405.png 720w\" sizes=\"auto, (max-width: 4000px) 100vw, 4000px\" \/>\t\t\t\t\t\t\t\t\t\t\t\t\t\t\t<\/div>\n\t\t\t\t<\/div>\n\t\t\t\t\t<\/div>\n\t\t<\/div>\n\t\t\t\t\t\t\t<\/div>\n\t\t<\/section>\n\t\t\t\t<section class=\"elementor-section elementor-top-section elementor-element elementor-element-bd351ab ot-traditional elementor-section-boxed elementor-section-height-default elementor-section-height-default\" data-id=\"bd351ab\" data-element_type=\"section\" data-settings=\"{&quot;background_background&quot;:&quot;classic&quot;}\">\n\t\t\t\t\t\t<div class=\"elementor-container elementor-column-gap-default\">\n\t\t\t\t\t<div class=\"elementor-column elementor-col-100 elementor-top-column elementor-element elementor-element-a7f106a\" data-id=\"a7f106a\" data-element_type=\"column\">\n\t\t\t<div class=\"elementor-widget-wrap elementor-element-populated\">\n\t\t\t\t\t\t\t\t<div class=\"elementor-element elementor-element-7dcc4aa elementor-widget elementor-widget-text-editor\" data-id=\"7dcc4aa\" data-element_type=\"widget\" data-widget_type=\"text-editor.default\">\n\t\t\t\t<div class=\"elementor-widget-container\">\n\t\t\t\t\t\t\t<p style=\"text-align: left;\"><span style=\"color: #000000;\"><strong><span style=\"font-size: 14pt;\">Avance seus objectivosde sustentabilidade<\/span><\/strong><\/span><br \/>Conte com o mais completo do planeta oferta de MPSneutra em carbono. O HP MPSajuda a fornecer impress\u00e3o neutra em carbono sem interromper seus neg\u00f3cios. Optimizeo uso de impress\u00e3o e me\u00e7a o progresso para reduzir as emiss\u00f5es. Inspire equipes e parceiros com seu compromisso de combater as mudan\u00e7as clim\u00e1ticas e apoiar as comunidades.<\/p><p style=\"text-align: left;\"><span style=\"color: #000000;\"><strong><span style=\"font-size: 14pt;\">Retorno da inova\u00e7\u00e3o<\/span><\/strong><\/span><br \/>A transforma\u00e7\u00e3o digital impulsiona a transforma\u00e7\u00e3o dos neg\u00f3cios atrav\u00e9s da inova\u00e7\u00e3o -transformando tecnologia e dados em uma verdadeira vantagem competitiva. Nossa solu\u00e7\u00e3o de MPSsegura e flex\u00edvel permite que equipes \u00e1geis trabalhem de qualquer lugar para se mover rapidamente, aproveitar oportunidades e criar valor.<\/p>\t\t\t\t\t\t<\/div>\n\t\t\t\t<\/div>\n\t\t\t\t\t<\/div>\n\t\t<\/div>\n\t\t\t\t\t\t\t<\/div>\n\t\t<\/section>\n\t\t\t\t\t\t\t<\/div>\n\t\t","protected":false},"excerpt":{"rendered":"<p>\/\/ nossos servi\u00e7os CONHE\u00c7A OS NOSSOS SERVI\u00c7OS Servi\u00e7os Confiar na BIZ\/HP como um consultor confi\u00e1vel para entregar servi\u00e7os que aumentam a efici\u00eancia operacional, diminuir custos e permitir que BMA se concentre em resultados de neg\u00f3cios. A BIZ\/HP fornece servi\u00e7os e consultoria especializada que BMA precisa para optimizar seu ambiente de impress\u00e3o, melhorar a seguran\u00e7a de [&hellip;]<\/p>\n","protected":false},"author":1,"featured_media":0,"parent":0,"menu_order":0,"comment_status":"closed","ping_status":"closed","template":"","meta":{"footnotes":""},"class_list":["post-2407","page","type-page","status-publish","hentry"],"_links":{"self":[{"href":"https:\/\/sites.angolasites.com\/biz\/wp-json\/wp\/v2\/pages\/2407","targetHints":{"allow":["GET"]}}],"collection":[{"href":"https:\/\/sites.angolasites.com\/biz\/wp-json\/wp\/v2\/pages"}],"about":[{"href":"https:\/\/sites.angolasites.com\/biz\/wp-json\/wp\/v2\/types\/page"}],"author":[{"embeddable":true,"href":"https:\/\/sites.angolasites.com\/biz\/wp-json\/wp\/v2\/users\/1"}],"replies":[{"embeddable":true,"href":"https:\/\/sites.angolasites.com\/biz\/wp-json\/wp\/v2\/comments?post=2407"}],"version-history":[{"count":150,"href":"https:\/\/sites.angolasites.com\/biz\/wp-json\/wp\/v2\/pages\/2407\/revisions"}],"predecessor-version":[{"id":4186,"href":"https:\/\/sites.angolasites.com\/biz\/wp-json\/wp\/v2\/pages\/2407\/revisions\/4186"}],"wp:attachment":[{"href":"https:\/\/sites.angolasites.com\/biz\/wp-json\/wp\/v2\/media?parent=2407"}],"curies":[{"name":"wp","href":"https:\/\/api.w.org\/{rel}","templated":true}]}}